{"id":1014,"date":"2025-11-22T22:47:25","date_gmt":"2025-11-22T15:47:25","guid":{"rendered":"https:\/\/pcfireworks.com\/product\/4049-3\/"},"modified":"2025-11-22T22:47:25","modified_gmt":"2025-11-22T15:47:25","slug":"4049-3","status":"publish","type":"product","link":"https:\/\/pcfireworks.com\/en\/product\/4049-3\/","title":{"rendered":"4049"},"content":{"rendered":"<p>Fireworks Box type 49 Shot high 4 inc. we sell per crate, and in 1 crate it has 18 box per crate.This product are in Thailand we can shipping to another country.<\/p>\n<p>H\u1ed9p ph\u00e1o hoa lo\u1ea1i 49 vi\u00ean, b\u1eafn cao 4 vi\u00ean, ch\u00fang t\u00f4i b\u00e1n theo th\u00f9ng, 1 th\u00f9ng c\u00f3 18 h\u1ed9p. S\u1ea3n ph\u1ea9m n\u00e0y c\u00f3 t\u1ea1i Th\u00e1i Lan, ch\u00fang t\u00f4i c\u00f3 th\u1ec3 v\u1eadn chuy\u1ec3n \u0111\u1ebfn qu\u1ed1c gia kh\u00e1c.<\/p>","protected":false},"excerpt":{"rendered":"<p>Fireworks Box type 49 Shot high 4 inc. we sell per crate, and in 1 crate it has 18 box per crate.This product are in Thailand we can shipping to another country. H\u1ed9p ph\u00e1o hoa lo\u1ea1i 49 vi\u00ean, b\u1eafn cao 4 vi\u00ean, ch\u00fang t\u00f4i b\u00e1n theo th\u00f9ng, 1 th\u00f9ng c\u00f3 18 h\u1ed9p. S\u1ea3n ph\u1ea9m n\u00e0y [&#8230;]","protected":false},"featured_media":0,"template":"","meta":[],"product_brand":[],"product_cat":[15],"product_tag":[],"class_list":{"0":"post-1014","1":"product","2":"type-product","3":"status-publish","5":"product_cat-redproducts","7":"first","8":"instock","9":"virtual","10":"purchasable","11":"product-type-simple"},"yoast_head":"<!-- This site is optimized with the Yoast SEO plugin v23.6 - https:\/\/yoast.com\/wordpress\/plugins\/seo\/ -->\n<title>4049 - PC Fireworks<\/title>\n<meta name=\"robots\" content=\"index, follow, max-snippet:-1, max-image-preview:large, max-video-preview:-1\" \/>\n<link rel=\"canonical\" href=\"https:\/\/pcfireworks.com\/en\/product\/4049-3\/\" \/>\n<meta property=\"og:locale\" content=\"en_US\" \/>\n<meta property=\"og:type\" content=\"article\" \/>\n<meta property=\"og:title\" content=\"4049 - PC Fireworks\" \/>\n<meta property=\"og:description\" content=\"Fireworks Box type 49 Shot high 4 inc. we sell per crate, and in 1 crate it has 18 box per crate.This product are in Thailand we can shipping to another country. H\u1ed9p ph\u00e1o hoa lo\u1ea1i 49 vi\u00ean, b\u1eafn cao 4 vi\u00ean, ch\u00fang t\u00f4i b\u00e1n theo th\u00f9ng, 1 th\u00f9ng c\u00f3 18 h\u1ed9p. S\u1ea3n ph\u1ea9m n\u00e0y [...]\" \/>\n<meta property=\"og:url\" content=\"https:\/\/pcfireworks.com\/en\/product\/4049-3\/\" \/>\n<meta property=\"og:site_name\" content=\"PC Fireworks\" \/>\n<meta property=\"article:publisher\" content=\"https:\/\/www.facebook.com\/profile.php?id=61560764639667\" \/>\n<meta name=\"twitter:card\" content=\"summary_large_image\" \/>\n<script type=\"application\/ld+json\" class=\"yoast-schema-graph\">{\"@context\":\"https:\/\/schema.org\",\"@graph\":[{\"@type\":\"WebPage\",\"@id\":\"https:\/\/pcfireworks.com\/product\/4049-3\/\",\"url\":\"https:\/\/pcfireworks.com\/product\/4049-3\/\",\"name\":\"4049 - PC Fireworks\",\"isPartOf\":{\"@id\":\"https:\/\/pcfireworks.com\/#website\"},\"datePublished\":\"2025-11-22T15:47:25+00:00\",\"dateModified\":\"2025-11-22T15:47:25+00:00\",\"breadcrumb\":{\"@id\":\"https:\/\/pcfireworks.com\/product\/4049-3\/#breadcrumb\"},\"inLanguage\":\"en-US\",\"potentialAction\":[{\"@type\":\"ReadAction\",\"target\":[\"https:\/\/pcfireworks.com\/product\/4049-3\/\"]}]},{\"@type\":\"BreadcrumbList\",\"@id\":\"https:\/\/pcfireworks.com\/product\/4049-3\/#breadcrumb\",\"itemListElement\":[{\"@type\":\"ListItem\",\"position\":1,\"name\":\"Home\",\"item\":\"https:\/\/pcfireworks.com\/\"},{\"@type\":\"ListItem\",\"position\":2,\"name\":\"Shop\",\"item\":\"https:\/\/pcfireworks.com\/shop\/\"},{\"@type\":\"ListItem\",\"position\":3,\"name\":\"4049\"}]},{\"@type\":\"WebSite\",\"@id\":\"https:\/\/pcfireworks.com\/#website\",\"url\":\"https:\/\/pcfireworks.com\/\",\"name\":\"PCFireworks\",\"description\":\"\u0e08\u0e33\u0e2b\u0e19\u0e48\u0e32\u0e22 \u0e1e\u0e25\u0e38\u0e40\u0e04\u0e49\u0e01\u0e0a\u0e38\u0e14\u0e43\u0e2b\u0e0d\u0e48 \u0e1e\u0e25\u0e38\u0e40\u0e04\u0e49\u0e01\u0e0a\u0e38\u0e14\u0e01\u0e25\u0e32\u0e07 \u0e1e\u0e25\u0e38\u0e40\u0e04\u0e49\u0e01\u0e0a\u0e38\u0e14\u0e40\u0e25\u0e47\u0e01 \u0e1b\u0e23\u0e30\u0e17\u0e31\u0e14 \u0e08\u0e23\u0e27\u0e14 \u0e2b\u0e27\u0e35\u0e14\u0e1b\u0e31\u0e49\u0e07 \u0e1e\u0e25\u0e38\u0e01\u0e23\u0e30\u0e1a\u0e2d\u0e01 \u0e1e\u0e25\u0e38\u0e21\u0e37\u0e2d\u0e16\u0e37\u0e2d \u0e19\u0e49\u0e33\u0e1e\u0e25\u0e38 \u0e42\u0e2d\u0e48\u0e07\u0e44\u0e17\u0e22 \u0e1e\u0e25\u0e38\u0e2a\u0e35\u0e08\u0e35\u0e19 \u0e25\u0e39\u0e01\u0e02\u0e48\u0e32\u0e07 \u0e1a\u0e31\u0e27\u0e01\u0e23\u0e30\u0e15\u0e48\u0e32\u0e22 \u0e1c\u0e36\u0e49\u0e07\u0e1a\u0e34\u0e19 \u0e2a\u0e34\u0e19\u0e04\u0e49\u0e32\u0e17\u0e35\u0e48\u0e40\u0e14\u0e47\u0e01\u0e40\u0e25\u0e48\u0e19\u0e44\u0e14\u0e49\",\"publisher\":{\"@id\":\"https:\/\/pcfireworks.com\/#organization\"},\"potentialAction\":[{\"@type\":\"SearchAction\",\"target\":{\"@type\":\"EntryPoint\",\"urlTemplate\":\"https:\/\/pcfireworks.com\/?s={search_term_string}\"},\"query-input\":{\"@type\":\"PropertyValueSpecification\",\"valueRequired\":true,\"valueName\":\"search_term_string\"}}],\"inLanguage\":\"en-US\"},{\"@type\":\"Organization\",\"@id\":\"https:\/\/pcfireworks.com\/#organization\",\"name\":\"PCFireworks\",\"url\":\"https:\/\/pcfireworks.com\/\",\"logo\":{\"@type\":\"ImageObject\",\"inLanguage\":\"en-US\",\"@id\":\"https:\/\/pcfireworks.com\/#\/schema\/logo\/image\/\",\"url\":\"https:\/\/pcfireworks.com\/wp-content\/uploads\/2024\/05\/cropped-24142.webp\",\"contentUrl\":\"https:\/\/pcfireworks.com\/wp-content\/uploads\/2024\/05\/cropped-24142.webp\",\"width\":512,\"height\":512,\"caption\":\"PCFireworks\"},\"image\":{\"@id\":\"https:\/\/pcfireworks.com\/#\/schema\/logo\/image\/\"},\"sameAs\":[\"https:\/\/www.facebook.com\/profile.php?id=61560764639667\"]}]}<\/script>\n<!-- \/ Yoast SEO plugin. -->","yoast_head_json":{"title":"4049 - PC Fireworks","robots":{"index":"index","follow":"follow","max-snippet":"max-snippet:-1","max-image-preview":"max-image-preview:large","max-video-preview":"max-video-preview:-1"},"canonical":"https:\/\/pcfireworks.com\/en\/product\/4049-3\/","og_locale":"en_US","og_type":"article","og_title":"4049 - PC Fireworks","og_description":"Fireworks Box type 49 Shot high 4 inc. we sell per crate, and in 1 crate it has 18 box per crate.This product are in Thailand we can shipping to another country. H\u1ed9p ph\u00e1o hoa lo\u1ea1i 49 vi\u00ean, b\u1eafn cao 4 vi\u00ean, ch\u00fang t\u00f4i b\u00e1n theo th\u00f9ng, 1 th\u00f9ng c\u00f3 18 h\u1ed9p. S\u1ea3n ph\u1ea9m n\u00e0y [...]","og_url":"https:\/\/pcfireworks.com\/en\/product\/4049-3\/","og_site_name":"PC Fireworks","article_publisher":"https:\/\/www.facebook.com\/profile.php?id=61560764639667","twitter_card":"summary_large_image","schema":{"@context":"https:\/\/schema.org","@graph":[{"@type":"WebPage","@id":"https:\/\/pcfireworks.com\/product\/4049-3\/","url":"https:\/\/pcfireworks.com\/product\/4049-3\/","name":"4049 - PC Fireworks","isPartOf":{"@id":"https:\/\/pcfireworks.com\/#website"},"datePublished":"2025-11-22T15:47:25+00:00","dateModified":"2025-11-22T15:47:25+00:00","breadcrumb":{"@id":"https:\/\/pcfireworks.com\/product\/4049-3\/#breadcrumb"},"inLanguage":"en-US","potentialAction":[{"@type":"ReadAction","target":["https:\/\/pcfireworks.com\/product\/4049-3\/"]}]},{"@type":"BreadcrumbList","@id":"https:\/\/pcfireworks.com\/product\/4049-3\/#breadcrumb","itemListElement":[{"@type":"ListItem","position":1,"name":"Home","item":"https:\/\/pcfireworks.com\/"},{"@type":"ListItem","position":2,"name":"Shop","item":"https:\/\/pcfireworks.com\/shop\/"},{"@type":"ListItem","position":3,"name":"4049"}]},{"@type":"WebSite","@id":"https:\/\/pcfireworks.com\/#website","url":"https:\/\/pcfireworks.com\/","name":"PCFireworks","description":"\u0e08\u0e33\u0e2b\u0e19\u0e48\u0e32\u0e22 \u0e1e\u0e25\u0e38\u0e40\u0e04\u0e49\u0e01\u0e0a\u0e38\u0e14\u0e43\u0e2b\u0e0d\u0e48 \u0e1e\u0e25\u0e38\u0e40\u0e04\u0e49\u0e01\u0e0a\u0e38\u0e14\u0e01\u0e25\u0e32\u0e07 \u0e1e\u0e25\u0e38\u0e40\u0e04\u0e49\u0e01\u0e0a\u0e38\u0e14\u0e40\u0e25\u0e47\u0e01 \u0e1b\u0e23\u0e30\u0e17\u0e31\u0e14 \u0e08\u0e23\u0e27\u0e14 \u0e2b\u0e27\u0e35\u0e14\u0e1b\u0e31\u0e49\u0e07 \u0e1e\u0e25\u0e38\u0e01\u0e23\u0e30\u0e1a\u0e2d\u0e01 \u0e1e\u0e25\u0e38\u0e21\u0e37\u0e2d\u0e16\u0e37\u0e2d \u0e19\u0e49\u0e33\u0e1e\u0e25\u0e38 \u0e42\u0e2d\u0e48\u0e07\u0e44\u0e17\u0e22 \u0e1e\u0e25\u0e38\u0e2a\u0e35\u0e08\u0e35\u0e19 \u0e25\u0e39\u0e01\u0e02\u0e48\u0e32\u0e07 \u0e1a\u0e31\u0e27\u0e01\u0e23\u0e30\u0e15\u0e48\u0e32\u0e22 \u0e1c\u0e36\u0e49\u0e07\u0e1a\u0e34\u0e19 \u0e2a\u0e34\u0e19\u0e04\u0e49\u0e32\u0e17\u0e35\u0e48\u0e40\u0e14\u0e47\u0e01\u0e40\u0e25\u0e48\u0e19\u0e44\u0e14\u0e49","publisher":{"@id":"https:\/\/pcfireworks.com\/#organization"},"potentialAction":[{"@type":"SearchAction","target":{"@type":"EntryPoint","urlTemplate":"https:\/\/pcfireworks.com\/?s={search_term_string}"},"query-input":{"@type":"PropertyValueSpecification","valueRequired":true,"valueName":"search_term_string"}}],"inLanguage":"en-US"},{"@type":"Organization","@id":"https:\/\/pcfireworks.com\/#organization","name":"PCFireworks","url":"https:\/\/pcfireworks.com\/","logo":{"@type":"ImageObject","inLanguage":"en-US","@id":"https:\/\/pcfireworks.com\/#\/schema\/logo\/image\/","url":"https:\/\/pcfireworks.com\/wp-content\/uploads\/2024\/05\/cropped-24142.webp","contentUrl":"https:\/\/pcfireworks.com\/wp-content\/uploads\/2024\/05\/cropped-24142.webp","width":512,"height":512,"caption":"PCFireworks"},"image":{"@id":"https:\/\/pcfireworks.com\/#\/schema\/logo\/image\/"},"sameAs":["https:\/\/www.facebook.com\/profile.php?id=61560764639667"]}]}},"_links":{"self":[{"href":"https:\/\/pcfireworks.com\/en\/wp-json\/wp\/v2\/product\/1014","targetHints":{"allow":["GET"]}}],"collection":[{"href":"https:\/\/pcfireworks.com\/en\/wp-json\/wp\/v2\/product"}],"about":[{"href":"https:\/\/pcfireworks.com\/en\/wp-json\/wp\/v2\/types\/product"}],"wp:attachment":[{"href":"https:\/\/pcfireworks.com\/en\/wp-json\/wp\/v2\/media?parent=1014"}],"wp:term":[{"taxonomy":"product_brand","embeddable":true,"href":"https:\/\/pcfireworks.com\/en\/wp-json\/wp\/v2\/product_brand?post=1014"},{"taxonomy":"product_cat","embeddable":true,"href":"https:\/\/pcfireworks.com\/en\/wp-json\/wp\/v2\/product_cat?post=1014"},{"taxonomy":"product_tag","embeddable":true,"href":"https:\/\/pcfireworks.com\/en\/wp-json\/wp\/v2\/product_tag?post=1014"}],"curies":[{"name":"wp","href":"https:\/\/api.w.org\/{rel}","templated":true}]}}